{"id":8,"date":"2021-09-26T17:41:24","date_gmt":"2021-09-26T17:41:24","guid":{"rendered":"http:\/\/domainp.cluster051.hosting.ovh.net\/?page_id=8"},"modified":"2022-09-07T17:52:56","modified_gmt":"2022-09-07T22:52:56","slug":"accueil","status":"publish","type":"page","link":"https:\/\/domainebonneville.ca\/","title":{"rendered":"Accueil"},"content":{"rendered":"\n<p class=\"has-text-align-left has-large-font-size\" style=\"line-height:1.4\"><strong>Bonjour!&nbsp;<\/strong><\/p>\n\n\n\n<p class=\"has-text-align-left\" style=\"font-size:18px;line-height:1.4\">C'est avec grand plaisir que nous vous accueillons sur le nouveau site officiel du Domaine Bonneville.<\/p>\n\n\n\n<p class=\"has-text-align-left\" style=\"font-size:18px;line-height:1.4\">Notre Domaine est un endroit o\u00f9 il fait bon vivre. Le calme, la tranquillit\u00e9, la s\u00e9curit\u00e9 et le respect sont essentiels et font partie int\u00e9grante des valeurs de bien-\u00eatre v\u00e9hicul\u00e9es au sein de notre communaut\u00e9. Il est important \u00e9galement de noter que la proximit\u00e9 de diff\u00e9rents commerces (lien avec autre page) ainsi que du transport en commun (lien avec autre page) facilitent notre quotidien.&nbsp;<\/p>\n\n\n\n<p class=\"has-text-align-left\" style=\"font-size:18px;line-height:1.4\">Les familles qui y habitent sont tr\u00e8s privil\u00e9gi\u00e9es entre autres par notre beau parc ayant des installations r\u00e9cr\u00e9atives telles que les aires de jeu, les balan\u00e7oires et les terrains de volleyball et de fer \u00e0 cheval. Quoi dire \u00e9galement de la piscine et de la pataugeoire o\u00f9 les enfants peuvent s\u2019amuser des heures enti\u00e8res, tout en faisant connaissance avec leurs pairs?&nbsp;<\/p>\n\n\n\n<p class=\"has-text-align-left\" style=\"font-size:18px;line-height:1.4\">Bref, le Domaine Bonneville est un milieu de vie \u00e0 d\u00e9couvrir et \u00e0 adopter, car y vivre est fort agr\u00e9able!&nbsp;<\/p>\n\n\n\n<p class=\"has-text-align-left\" style=\"font-size:18px;line-height:1.4\">Bonne visite virtuelle.&nbsp;<\/p>\n\n\n\n<p>Les membres du conseil d\u2019administration<\/p>\n","protected":false},"excerpt":{"rendered":"<p>Bonjour!&nbsp; C&rsquo;est avec grand plaisir que nous vous accueillons sur le nouveau site officiel du Domaine Bonneville. Notre Domaine est un endroit o\u00f9 il fait bon vivre. Le calme, la tranquillit\u00e9, la s\u00e9curit\u00e9 et le respect sont essentiels et font partie int\u00e9grante des valeurs de bien-\u00eatre v\u00e9hicul\u00e9es au sein de notre communaut\u00e9. Il est important &hellip; <\/p>\n<p class=\"link-more\"><a href=\"https:\/\/domainebonneville.ca\/\" class=\"more-link\">Continuer la lecture<span class=\"screen-reader-text\"> de &laquo;&nbsp;Accueil&nbsp;&raquo;<\/span><\/a><\/p>\n","protected":false},"author":1,"featured_media":0,"parent":0,"menu_order":0,"comment_status":"closed","ping_status":"closed","template":"","meta":{"_monsterinsights_skip_tracking":false,"_monsterinsights_sitenote_active":false,"_monsterinsights_sitenote_note":"","_monsterinsights_sitenote_category":0,"footnotes":""},"class_list":["post-8","page","type-page","status-publish","hentry"],"_links":{"self":[{"href":"https:\/\/domainebonneville.ca\/index.php\/wp-json\/wp\/v2\/pages\/8","targetHints":{"allow":["GET"]}}],"collection":[{"href":"https:\/\/domainebonneville.ca\/index.php\/wp-json\/wp\/v2\/pages"}],"about":[{"href":"https:\/\/domainebonneville.ca\/index.php\/wp-json\/wp\/v2\/types\/page"}],"author":[{"embeddable":true,"href":"https:\/\/domainebonneville.ca\/index.php\/wp-json\/wp\/v2\/users\/1"}],"replies":[{"embeddable":true,"href":"https:\/\/domainebonneville.ca\/index.php\/wp-json\/wp\/v2\/comments?post=8"}],"version-history":[{"count":21,"href":"https:\/\/domainebonneville.ca\/index.php\/wp-json\/wp\/v2\/pages\/8\/revisions"}],"predecessor-version":[{"id":839,"href":"https:\/\/domainebonneville.ca\/index.php\/wp-json\/wp\/v2\/pages\/8\/revisions\/839"}],"wp:attachment":[{"href":"https:\/\/domainebonneville.ca\/index.php\/wp-json\/wp\/v2\/media?parent=8"}],"curies":[{"name":"wp","href":"https:\/\/api.w.org\/{rel}","templated":true}]}}