{"id":3,"date":"2021-09-26T17:25:41","date_gmt":"2021-09-26T21:25:41","guid":{"rendered":"http:\/\/domainp.cluster051.hosting.ovh.net\/?page_id=3"},"modified":"2021-10-22T16:32:44","modified_gmt":"2021-10-22T20:32:44","slug":"privacy-policy","status":"publish","type":"page","link":"https:\/\/domainebonneville.ca\/index.php\/privacy-policy\/","title":{"rendered":"Politique de confidentialit\u00e9"},"content":{"rendered":"\n<h2 class=\"wp-block-heading\">Qui nous sommes<\/h2>\n\n\n\n<p>Syndicat du domaine Bonneville situ\u00e9 au 300 terrasse Jacques L\u00e9onard, Montr\u00e9al, QC H1A3K3.  Notre site web est situ\u00e9 \u00e0 : <a href=\"https:\/\/domainebonneville.ca\/\" data-type=\"page\" data-id=\"8\">domainebonneville.ca<\/a><\/p>\n\n\n\n<h2 class=\"wp-block-heading\">Renseignements personnels collect\u00e9s <\/h2>\n\n\n\n<h3 class=\"wp-block-heading\">Informations personnelles<\/h3>\n\n\n\n<p>Nous collectons votre nom, pr\u00e9nom, adresse postale, courriel, t\u00e9l\u00e9phone \u00e0 des fins de fonctionnement du domaine tel que :<\/p>\n\n\n\n<ul class=\"wp-block-list\"><li>Registres pour assurances<\/li><li>Requ\u00eates<\/li><li>Fonctionnement du site<\/li><\/ul>\n\n\n\n<p>Vos donn\u00e9es ne sont partag\u00e9s avec d'autre entit\u00e9s.<\/p>\n\n\n\n<h3 class=\"wp-block-heading\">Contact <\/h3>\n\n\n\n<h3 class=\"wp-block-heading\">Vous pouvez demander \u00e0 tous moments l'effacement de vos donn\u00e9es en envoyant un courriel \u00e0:<\/h3>\n\n\n\n<h3 class=\"wp-block-heading\">bureau@domainebonneville.ca <\/h3>\n\n\n\n<h2 class=\"wp-block-heading\">Conservations des donn\u00e9es<\/h2>\n\n\n\n<p>Nous conservons vos donn\u00e9es de votre compte tant que vous \u00eates copropri\u00e9taires au domaine.  Les donn\u00e9es envoy\u00e9es pour la tenue de registre seront supprim\u00e9es du site apr\u00e8s qu'elles soient mises aux registres.. <\/p>\n","protected":false},"excerpt":{"rendered":"<p>Qui nous sommes Syndicat du domaine Bonneville situ\u00e9 au 300 terrasse Jacques L\u00e9onard, Montr\u00e9al, QC H1A3K3. Notre site web est situ\u00e9 \u00e0 : domainebonneville.ca Renseignements personnels collect\u00e9s Informations personnelles Nous collectons votre nom, pr\u00e9nom, adresse postale, courriel, t\u00e9l\u00e9phone \u00e0 des fins de fonctionnement du domaine tel que : Registres pour assurances Requ\u00eates Fonctionnement du site &hellip; <\/p>\n<p class=\"link-more\"><a href=\"https:\/\/domainebonneville.ca\/index.php\/privacy-policy\/\" class=\"more-link\">Continuer la lecture<span class=\"screen-reader-text\"> de &laquo;&nbsp;Politique de confidentialit\u00e9&nbsp;&raquo;<\/span><\/a><\/p>\n","protected":false},"author":1,"featured_media":0,"parent":0,"menu_order":0,"comment_status":"closed","ping_status":"closed","template":"","meta":{"_monsterinsights_skip_tracking":false,"_monsterinsights_sitenote_active":false,"_monsterinsights_sitenote_note":"","_monsterinsights_sitenote_category":0,"footnotes":""},"class_list":["post-3","page","type-page","status-publish","hentry"],"_links":{"self":[{"href":"https:\/\/domainebonneville.ca\/index.php\/wp-json\/wp\/v2\/pages\/3","targetHints":{"allow":["GET"]}}],"collection":[{"href":"https:\/\/domainebonneville.ca\/index.php\/wp-json\/wp\/v2\/pages"}],"about":[{"href":"https:\/\/domainebonneville.ca\/index.php\/wp-json\/wp\/v2\/types\/page"}],"author":[{"embeddable":true,"href":"https:\/\/domainebonneville.ca\/index.php\/wp-json\/wp\/v2\/users\/1"}],"replies":[{"embeddable":true,"href":"https:\/\/domainebonneville.ca\/index.php\/wp-json\/wp\/v2\/comments?post=3"}],"version-history":[{"count":7,"href":"https:\/\/domainebonneville.ca\/index.php\/wp-json\/wp\/v2\/pages\/3\/revisions"}],"predecessor-version":[{"id":341,"href":"https:\/\/domainebonneville.ca\/index.php\/wp-json\/wp\/v2\/pages\/3\/revisions\/341"}],"wp:attachment":[{"href":"https:\/\/domainebonneville.ca\/index.php\/wp-json\/wp\/v2\/media?parent=3"}],"curies":[{"name":"wp","href":"https:\/\/api.w.org\/{rel}","templated":true}]}}